{"id":797,"date":"2024-10-18T11:45:22","date_gmt":"2024-10-18T14:45:22","guid":{"rendered":"https:\/\/ejezeta.org\/bot\/?post_type=product&#038;p=797"},"modified":"2025-12-02T10:26:55","modified_gmt":"2025-12-02T13:26:55","slug":"dummybot-3d-armado","status":"publish","type":"product","link":"https:\/\/ejezeta.org\/bot\/producto\/dummybot-3d-armado\/","title":{"rendered":"DummyBot 3D Armado"},"content":{"rendered":"<p><strong><em>DummyBot armado<\/em><\/strong><\/p>\n<p><em>Caracter\u00edsticas y Especificaciones:<\/em><\/p>\n<ul>\n<li>Articulado en TODAS las piezas<\/li>\n<li>2 colores (iguales o distintos, aleatoriamente)<\/li>\n<li>3 pares de manos para intercambiar<\/li>\n<li>Material PLA impreso en 3D<\/li>\n<li>Altura aproximada 20cm<\/li>\n<\/ul>\n<p>Se pueden coleccionar y adquirir accesorios<\/p>\n<p>&nbsp;<\/p>\n<p><a href=\"https:\/\/ejezeta.org\/bot\/dummybot\/\">Ingres\u00e1 ac\u00e1 y acced\u00e9 al video tutorial!<\/a><\/p>\n","protected":false},"excerpt":{"rendered":"<p>DummyBot armado Caracter\u00edsticas y Especificaciones: Articulado en TODAS las piezas 2 colores (iguales o distintos, aleatoriamente) 3 pares de manos para intercambiar Material PLA impreso en 3D Altura aproximada 20cm Se pueden coleccionar y adquirir accesorios &nbsp; Ingres\u00e1 ac\u00e1 y acced\u00e9 al video tutorial!<\/p>\n","protected":false},"featured_media":800,"comment_status":"closed","ping_status":"closed","template":"","meta":[],"product_brand":[],"product_cat":[57,72],"product_tag":[],"class_list":{"0":"post-797","1":"product","2":"type-product","3":"status-publish","4":"has-post-thumbnail","6":"product_cat-bot","7":"product_cat-juegos-ingenio","9":"first","10":"instock","11":"shipping-taxable","12":"purchasable","13":"product-type-simple"},"yoast_head":"<!-- This site is optimized with the Yoast SEO plugin v26.9 - https:\/\/yoast.com\/product\/yoast-seo-wordpress\/ -->\n<title>DummyBot 3D Armado &#8212; BOT - Rob\u00f3tica Educativa<\/title>\n<meta name=\"robots\" content=\"index, follow, max-snippet:-1, max-image-preview:large, max-video-preview:-1\" \/>\n<link rel=\"canonical\" href=\"https:\/\/ejezeta.org\/bot\/producto\/dummybot-3d-armado\/\" \/>\n<meta property=\"og:locale\" content=\"es_ES\" \/>\n<meta property=\"og:type\" content=\"article\" \/>\n<meta property=\"og:title\" content=\"DummyBot 3D Armado &#8212; BOT - Rob\u00f3tica Educativa\" \/>\n<meta property=\"og:description\" content=\"DummyBot armado Caracter\u00edsticas y Especificaciones: Articulado en TODAS las piezas 2 colores (iguales o distintos, aleatoriamente) 3 pares de manos para intercambiar Material PLA impreso en 3D Altura aproximada 20cm Se pueden coleccionar y adquirir accesorios &nbsp; Ingres\u00e1 ac\u00e1 y acced\u00e9 al video tutorial!\" \/>\n<meta property=\"og:url\" content=\"https:\/\/ejezeta.org\/bot\/producto\/dummybot-3d-armado\/\" \/>\n<meta property=\"og:site_name\" content=\"BOT - Rob\u00f3tica Educativa\" \/>\n<meta property=\"article:publisher\" content=\"https:\/\/www.facebook.com\/roboticaeducativamza\" \/>\n<meta property=\"article:modified_time\" content=\"2025-12-02T13:26:55+00:00\" \/>\n<meta property=\"og:image\" content=\"https:\/\/ejezeta.org\/bot\/wp-content\/uploads\/2024\/10\/44.png\" \/>\n\t<meta property=\"og:image:width\" content=\"1080\" \/>\n\t<meta property=\"og:image:height\" content=\"1080\" \/>\n\t<meta property=\"og:image:type\" content=\"image\/png\" \/>\n<meta name=\"twitter:card\" content=\"summary_large_image\" \/>\n<meta name=\"twitter:site\" content=\"@roboticaeducativamza\" \/>\n<meta name=\"twitter:label1\" content=\"Tiempo de lectura\" \/>\n\t<meta name=\"twitter:data1\" content=\"1 minuto\" \/>\n<script type=\"application\/ld+json\" class=\"yoast-schema-graph\">{\"@context\":\"https:\/\/schema.org\",\"@graph\":[{\"@type\":\"WebPage\",\"@id\":\"https:\/\/ejezeta.org\/bot\/producto\/dummybot-3d-armado\/\",\"url\":\"https:\/\/ejezeta.org\/bot\/producto\/dummybot-3d-armado\/\",\"name\":\"DummyBot 3D Armado &#8212; BOT - Rob\u00f3tica Educativa\",\"isPartOf\":{\"@id\":\"https:\/\/ejezeta.org\/bot\/#website\"},\"primaryImageOfPage\":{\"@id\":\"https:\/\/ejezeta.org\/bot\/producto\/dummybot-3d-armado\/#primaryimage\"},\"image\":{\"@id\":\"https:\/\/ejezeta.org\/bot\/producto\/dummybot-3d-armado\/#primaryimage\"},\"thumbnailUrl\":\"https:\/\/ejezeta.org\/bot\/wp-content\/uploads\/2024\/10\/44.png\",\"datePublished\":\"2024-10-18T14:45:22+00:00\",\"dateModified\":\"2025-12-02T13:26:55+00:00\",\"breadcrumb\":{\"@id\":\"https:\/\/ejezeta.org\/bot\/producto\/dummybot-3d-armado\/#breadcrumb\"},\"inLanguage\":\"es-AR\",\"potentialAction\":[{\"@type\":\"ReadAction\",\"target\":[\"https:\/\/ejezeta.org\/bot\/producto\/dummybot-3d-armado\/\"]}]},{\"@type\":\"ImageObject\",\"inLanguage\":\"es-AR\",\"@id\":\"https:\/\/ejezeta.org\/bot\/producto\/dummybot-3d-armado\/#primaryimage\",\"url\":\"https:\/\/ejezeta.org\/bot\/wp-content\/uploads\/2024\/10\/44.png\",\"contentUrl\":\"https:\/\/ejezeta.org\/bot\/wp-content\/uploads\/2024\/10\/44.png\",\"width\":1080,\"height\":1080},{\"@type\":\"BreadcrumbList\",\"@id\":\"https:\/\/ejezeta.org\/bot\/producto\/dummybot-3d-armado\/#breadcrumb\",\"itemListElement\":[{\"@type\":\"ListItem\",\"position\":1,\"name\":\"Inicio\",\"item\":\"https:\/\/ejezeta.org\/bot\/\"},{\"@type\":\"ListItem\",\"position\":2,\"name\":\"Tienda de Productos de Electr\u00f3nica\",\"item\":\"https:\/\/ejezeta.org\/bot\/tienda-electronica\/\"},{\"@type\":\"ListItem\",\"position\":3,\"name\":\"DummyBot 3D Armado\"}]},{\"@type\":\"WebSite\",\"@id\":\"https:\/\/ejezeta.org\/bot\/#website\",\"url\":\"https:\/\/ejezeta.org\/bot\/\",\"name\":\"BOT - Rob\u00f3tica Educativa\",\"description\":\"Laboratorio de Rob\u00f3tica\",\"publisher\":{\"@id\":\"https:\/\/ejezeta.org\/bot\/#organization\"},\"potentialAction\":[{\"@type\":\"SearchAction\",\"target\":{\"@type\":\"EntryPoint\",\"urlTemplate\":\"https:\/\/ejezeta.org\/bot\/?s={search_term_string}\"},\"query-input\":{\"@type\":\"PropertyValueSpecification\",\"valueRequired\":true,\"valueName\":\"search_term_string\"}}],\"inLanguage\":\"es-AR\"},{\"@type\":\"Organization\",\"@id\":\"https:\/\/ejezeta.org\/bot\/#organization\",\"name\":\"Eje Zeta\",\"url\":\"https:\/\/ejezeta.org\/bot\/\",\"logo\":{\"@type\":\"ImageObject\",\"inLanguage\":\"es-AR\",\"@id\":\"https:\/\/ejezeta.org\/bot\/#\/schema\/logo\/image\/\",\"url\":\"https:\/\/ejezeta.org\/bot\/wp-content\/uploads\/2019\/08\/BOT_marca_sin_fondo.png\",\"contentUrl\":\"https:\/\/ejezeta.org\/bot\/wp-content\/uploads\/2019\/08\/BOT_marca_sin_fondo.png\",\"width\":1047,\"height\":617,\"caption\":\"Eje Zeta\"},\"image\":{\"@id\":\"https:\/\/ejezeta.org\/bot\/#\/schema\/logo\/image\/\"},\"sameAs\":[\"https:\/\/www.facebook.com\/roboticaeducativamza\",\"https:\/\/x.com\/roboticaeducativamza\",\"https:\/\/www.instagram.com\/roboticaeducativamza\/\",\"https:\/\/www.youtube.com\/channel\/UCqDYebO8TxeHNlCKOvwnqaw\"]}]}<\/script>\n<!-- \/ Yoast SEO plugin. -->","yoast_head_json":{"title":"DummyBot 3D Armado &#8212; BOT - Rob\u00f3tica Educativa","robots":{"index":"index","follow":"follow","max-snippet":"max-snippet:-1","max-image-preview":"max-image-preview:large","max-video-preview":"max-video-preview:-1"},"canonical":"https:\/\/ejezeta.org\/bot\/producto\/dummybot-3d-armado\/","og_locale":"es_ES","og_type":"article","og_title":"DummyBot 3D Armado &#8212; BOT - Rob\u00f3tica Educativa","og_description":"DummyBot armado Caracter\u00edsticas y Especificaciones: Articulado en TODAS las piezas 2 colores (iguales o distintos, aleatoriamente) 3 pares de manos para intercambiar Material PLA impreso en 3D Altura aproximada 20cm Se pueden coleccionar y adquirir accesorios &nbsp; Ingres\u00e1 ac\u00e1 y acced\u00e9 al video tutorial!","og_url":"https:\/\/ejezeta.org\/bot\/producto\/dummybot-3d-armado\/","og_site_name":"BOT - Rob\u00f3tica Educativa","article_publisher":"https:\/\/www.facebook.com\/roboticaeducativamza","article_modified_time":"2025-12-02T13:26:55+00:00","og_image":[{"width":1080,"height":1080,"url":"https:\/\/ejezeta.org\/bot\/wp-content\/uploads\/2024\/10\/44.png","type":"image\/png"}],"twitter_card":"summary_large_image","twitter_site":"@roboticaeducativamza","twitter_misc":{"Tiempo de lectura":"1 minuto"},"schema":{"@context":"https:\/\/schema.org","@graph":[{"@type":"WebPage","@id":"https:\/\/ejezeta.org\/bot\/producto\/dummybot-3d-armado\/","url":"https:\/\/ejezeta.org\/bot\/producto\/dummybot-3d-armado\/","name":"DummyBot 3D Armado &#8212; BOT - Rob\u00f3tica Educativa","isPartOf":{"@id":"https:\/\/ejezeta.org\/bot\/#website"},"primaryImageOfPage":{"@id":"https:\/\/ejezeta.org\/bot\/producto\/dummybot-3d-armado\/#primaryimage"},"image":{"@id":"https:\/\/ejezeta.org\/bot\/producto\/dummybot-3d-armado\/#primaryimage"},"thumbnailUrl":"https:\/\/ejezeta.org\/bot\/wp-content\/uploads\/2024\/10\/44.png","datePublished":"2024-10-18T14:45:22+00:00","dateModified":"2025-12-02T13:26:55+00:00","breadcrumb":{"@id":"https:\/\/ejezeta.org\/bot\/producto\/dummybot-3d-armado\/#breadcrumb"},"inLanguage":"es-AR","potentialAction":[{"@type":"ReadAction","target":["https:\/\/ejezeta.org\/bot\/producto\/dummybot-3d-armado\/"]}]},{"@type":"ImageObject","inLanguage":"es-AR","@id":"https:\/\/ejezeta.org\/bot\/producto\/dummybot-3d-armado\/#primaryimage","url":"https:\/\/ejezeta.org\/bot\/wp-content\/uploads\/2024\/10\/44.png","contentUrl":"https:\/\/ejezeta.org\/bot\/wp-content\/uploads\/2024\/10\/44.png","width":1080,"height":1080},{"@type":"BreadcrumbList","@id":"https:\/\/ejezeta.org\/bot\/producto\/dummybot-3d-armado\/#breadcrumb","itemListElement":[{"@type":"ListItem","position":1,"name":"Inicio","item":"https:\/\/ejezeta.org\/bot\/"},{"@type":"ListItem","position":2,"name":"Tienda de Productos de Electr\u00f3nica","item":"https:\/\/ejezeta.org\/bot\/tienda-electronica\/"},{"@type":"ListItem","position":3,"name":"DummyBot 3D Armado"}]},{"@type":"WebSite","@id":"https:\/\/ejezeta.org\/bot\/#website","url":"https:\/\/ejezeta.org\/bot\/","name":"BOT - Rob\u00f3tica Educativa","description":"Laboratorio de Rob\u00f3tica","publisher":{"@id":"https:\/\/ejezeta.org\/bot\/#organization"},"potentialAction":[{"@type":"SearchAction","target":{"@type":"EntryPoint","urlTemplate":"https:\/\/ejezeta.org\/bot\/?s={search_term_string}"},"query-input":{"@type":"PropertyValueSpecification","valueRequired":true,"valueName":"search_term_string"}}],"inLanguage":"es-AR"},{"@type":"Organization","@id":"https:\/\/ejezeta.org\/bot\/#organization","name":"Eje Zeta","url":"https:\/\/ejezeta.org\/bot\/","logo":{"@type":"ImageObject","inLanguage":"es-AR","@id":"https:\/\/ejezeta.org\/bot\/#\/schema\/logo\/image\/","url":"https:\/\/ejezeta.org\/bot\/wp-content\/uploads\/2019\/08\/BOT_marca_sin_fondo.png","contentUrl":"https:\/\/ejezeta.org\/bot\/wp-content\/uploads\/2019\/08\/BOT_marca_sin_fondo.png","width":1047,"height":617,"caption":"Eje Zeta"},"image":{"@id":"https:\/\/ejezeta.org\/bot\/#\/schema\/logo\/image\/"},"sameAs":["https:\/\/www.facebook.com\/roboticaeducativamza","https:\/\/x.com\/roboticaeducativamza","https:\/\/www.instagram.com\/roboticaeducativamza\/","https:\/\/www.youtube.com\/channel\/UCqDYebO8TxeHNlCKOvwnqaw"]}]}},"jetpack_sharing_enabled":true,"_links":{"self":[{"href":"https:\/\/ejezeta.org\/bot\/wp-json\/wp\/v2\/product\/797","targetHints":{"allow":["GET"]}}],"collection":[{"href":"https:\/\/ejezeta.org\/bot\/wp-json\/wp\/v2\/product"}],"about":[{"href":"https:\/\/ejezeta.org\/bot\/wp-json\/wp\/v2\/types\/product"}],"replies":[{"embeddable":true,"href":"https:\/\/ejezeta.org\/bot\/wp-json\/wp\/v2\/comments?post=797"}],"wp:featuredmedia":[{"embeddable":true,"href":"https:\/\/ejezeta.org\/bot\/wp-json\/wp\/v2\/media\/800"}],"wp:attachment":[{"href":"https:\/\/ejezeta.org\/bot\/wp-json\/wp\/v2\/media?parent=797"}],"wp:term":[{"taxonomy":"product_brand","embeddable":true,"href":"https:\/\/ejezeta.org\/bot\/wp-json\/wp\/v2\/product_brand?post=797"},{"taxonomy":"product_cat","embeddable":true,"href":"https:\/\/ejezeta.org\/bot\/wp-json\/wp\/v2\/product_cat?post=797"},{"taxonomy":"product_tag","embeddable":true,"href":"https:\/\/ejezeta.org\/bot\/wp-json\/wp\/v2\/product_tag?post=797"}],"curies":[{"name":"wp","href":"https:\/\/api.w.org\/{rel}","templated":true}]}}