{"id":552,"date":"2023-04-07T21:32:19","date_gmt":"2023-04-08T00:32:19","guid":{"rendered":"https:\/\/ejezeta.org\/bot\/?post_type=product&#038;p=552"},"modified":"2026-01-27T09:17:23","modified_gmt":"2026-01-27T12:17:23","slug":"esponja-para-soldador","status":"publish","type":"product","link":"https:\/\/ejezeta.org\/bot\/producto\/esponja-para-soldador\/","title":{"rendered":"Esponja para Limpiar Soldador"},"content":{"rendered":"<p><strong><em>Esponja para limpiar la punta del caut\u00edn<\/em><\/strong><\/p>\n<p><em>Caracter\u00edsticas y Especificaciones:<\/em><\/p>\n<ul>\n<li>Esponja vegetal<\/li>\n<li>Tama\u00f1o: 3x4cm aprox.<\/li>\n<\/ul>\n<blockquote><p>La marca del producto puede variar pero siempre buscamos que las calidades sean semejantes. Las fotos son ilustrativas.<\/p><\/blockquote>\n","protected":false},"excerpt":{"rendered":"<p>Esponja para limpiar la punta del caut\u00edn Caracter\u00edsticas y Especificaciones: Esponja vegetal Tama\u00f1o: 3x4cm aprox. La marca del producto puede variar pero siempre buscamos que las calidades sean semejantes. Las fotos son ilustrativas.<\/p>\n","protected":false},"featured_media":553,"comment_status":"closed","ping_status":"closed","template":"","meta":[],"product_brand":[],"product_cat":[57,58],"product_tag":[],"class_list":{"0":"post-552","1":"product","2":"type-product","3":"status-publish","4":"has-post-thumbnail","6":"product_cat-bot","7":"product_cat-herramientas","9":"first","10":"instock","11":"shipping-taxable","12":"purchasable","13":"product-type-simple"},"yoast_head":"<!-- This site is optimized with the Yoast SEO plugin v26.9 - https:\/\/yoast.com\/product\/yoast-seo-wordpress\/ -->\n<title>Esponja para Limpiar Soldador &#8212; BOT - Rob\u00f3tica Educativa<\/title>\n<meta name=\"description\" content=\"Esponja para limpiar la punta del caut\u00edn. Material: Vegetal. Tama\u00f1o: 3x4cm aproximadamente.\" \/>\n<meta name=\"robots\" content=\"index, follow, max-snippet:-1, max-image-preview:large, max-video-preview:-1\" \/>\n<link rel=\"canonical\" href=\"https:\/\/ejezeta.org\/bot\/producto\/esponja-para-soldador\/\" \/>\n<meta property=\"og:locale\" content=\"es_ES\" \/>\n<meta property=\"og:type\" content=\"article\" \/>\n<meta property=\"og:title\" content=\"Esponja para Limpiar Soldador &#8212; BOT - Rob\u00f3tica Educativa\" \/>\n<meta property=\"og:description\" content=\"Esponja para limpiar la punta del caut\u00edn. Material: Vegetal. Tama\u00f1o: 3x4cm aproximadamente.\" \/>\n<meta property=\"og:url\" content=\"https:\/\/ejezeta.org\/bot\/producto\/esponja-para-soldador\/\" \/>\n<meta property=\"og:site_name\" content=\"BOT - Rob\u00f3tica Educativa\" \/>\n<meta property=\"article:publisher\" content=\"https:\/\/www.facebook.com\/roboticaeducativamza\" \/>\n<meta property=\"article:modified_time\" content=\"2026-01-27T12:17:23+00:00\" \/>\n<meta property=\"og:image\" content=\"https:\/\/ejezeta.org\/bot\/wp-content\/uploads\/2023\/04\/Tienda_Esponja.png\" \/>\n\t<meta property=\"og:image:width\" content=\"1080\" \/>\n\t<meta property=\"og:image:height\" content=\"1080\" \/>\n\t<meta property=\"og:image:type\" content=\"image\/png\" \/>\n<meta name=\"twitter:card\" content=\"summary_large_image\" \/>\n<meta name=\"twitter:site\" content=\"@roboticaeducativamza\" \/>\n<meta name=\"twitter:label1\" content=\"Tiempo de lectura\" \/>\n\t<meta name=\"twitter:data1\" content=\"1 minuto\" \/>\n<script type=\"application\/ld+json\" class=\"yoast-schema-graph\">{\"@context\":\"https:\/\/schema.org\",\"@graph\":[{\"@type\":\"WebPage\",\"@id\":\"https:\/\/ejezeta.org\/bot\/producto\/esponja-para-soldador\/\",\"url\":\"https:\/\/ejezeta.org\/bot\/producto\/esponja-para-soldador\/\",\"name\":\"Esponja para Limpiar Soldador &#8212; BOT - Rob\u00f3tica Educativa\",\"isPartOf\":{\"@id\":\"https:\/\/ejezeta.org\/bot\/#website\"},\"primaryImageOfPage\":{\"@id\":\"https:\/\/ejezeta.org\/bot\/producto\/esponja-para-soldador\/#primaryimage\"},\"image\":{\"@id\":\"https:\/\/ejezeta.org\/bot\/producto\/esponja-para-soldador\/#primaryimage\"},\"thumbnailUrl\":\"https:\/\/ejezeta.org\/bot\/wp-content\/uploads\/2023\/04\/Tienda_Esponja-e1771345302527.png\",\"datePublished\":\"2023-04-08T00:32:19+00:00\",\"dateModified\":\"2026-01-27T12:17:23+00:00\",\"description\":\"Esponja para limpiar la punta del caut\u00edn. Material: Vegetal. Tama\u00f1o: 3x4cm aproximadamente.\",\"breadcrumb\":{\"@id\":\"https:\/\/ejezeta.org\/bot\/producto\/esponja-para-soldador\/#breadcrumb\"},\"inLanguage\":\"es-AR\",\"potentialAction\":[{\"@type\":\"ReadAction\",\"target\":[\"https:\/\/ejezeta.org\/bot\/producto\/esponja-para-soldador\/\"]}]},{\"@type\":\"ImageObject\",\"inLanguage\":\"es-AR\",\"@id\":\"https:\/\/ejezeta.org\/bot\/producto\/esponja-para-soldador\/#primaryimage\",\"url\":\"https:\/\/ejezeta.org\/bot\/wp-content\/uploads\/2023\/04\/Tienda_Esponja-e1771345302527.png\",\"contentUrl\":\"https:\/\/ejezeta.org\/bot\/wp-content\/uploads\/2023\/04\/Tienda_Esponja-e1771345302527.png\",\"width\":750,\"height\":736},{\"@type\":\"BreadcrumbList\",\"@id\":\"https:\/\/ejezeta.org\/bot\/producto\/esponja-para-soldador\/#breadcrumb\",\"itemListElement\":[{\"@type\":\"ListItem\",\"position\":1,\"name\":\"Inicio\",\"item\":\"https:\/\/ejezeta.org\/bot\/\"},{\"@type\":\"ListItem\",\"position\":2,\"name\":\"Tienda de Productos de Electr\u00f3nica\",\"item\":\"https:\/\/ejezeta.org\/bot\/tienda-electronica\/\"},{\"@type\":\"ListItem\",\"position\":3,\"name\":\"Esponja para Limpiar Soldador\"}]},{\"@type\":\"WebSite\",\"@id\":\"https:\/\/ejezeta.org\/bot\/#website\",\"url\":\"https:\/\/ejezeta.org\/bot\/\",\"name\":\"BOT - Rob\u00f3tica Educativa\",\"description\":\"Laboratorio de Rob\u00f3tica\",\"publisher\":{\"@id\":\"https:\/\/ejezeta.org\/bot\/#organization\"},\"potentialAction\":[{\"@type\":\"SearchAction\",\"target\":{\"@type\":\"EntryPoint\",\"urlTemplate\":\"https:\/\/ejezeta.org\/bot\/?s={search_term_string}\"},\"query-input\":{\"@type\":\"PropertyValueSpecification\",\"valueRequired\":true,\"valueName\":\"search_term_string\"}}],\"inLanguage\":\"es-AR\"},{\"@type\":\"Organization\",\"@id\":\"https:\/\/ejezeta.org\/bot\/#organization\",\"name\":\"Eje Zeta\",\"url\":\"https:\/\/ejezeta.org\/bot\/\",\"logo\":{\"@type\":\"ImageObject\",\"inLanguage\":\"es-AR\",\"@id\":\"https:\/\/ejezeta.org\/bot\/#\/schema\/logo\/image\/\",\"url\":\"https:\/\/ejezeta.org\/bot\/wp-content\/uploads\/2019\/08\/BOT_marca_sin_fondo.png\",\"contentUrl\":\"https:\/\/ejezeta.org\/bot\/wp-content\/uploads\/2019\/08\/BOT_marca_sin_fondo.png\",\"width\":1047,\"height\":617,\"caption\":\"Eje Zeta\"},\"image\":{\"@id\":\"https:\/\/ejezeta.org\/bot\/#\/schema\/logo\/image\/\"},\"sameAs\":[\"https:\/\/www.facebook.com\/roboticaeducativamza\",\"https:\/\/x.com\/roboticaeducativamza\",\"https:\/\/www.instagram.com\/roboticaeducativamza\/\",\"https:\/\/www.youtube.com\/channel\/UCqDYebO8TxeHNlCKOvwnqaw\"]}]}<\/script>\n<!-- \/ Yoast SEO plugin. -->","yoast_head_json":{"title":"Esponja para Limpiar Soldador &#8212; BOT - Rob\u00f3tica Educativa","description":"Esponja para limpiar la punta del caut\u00edn. Material: Vegetal. Tama\u00f1o: 3x4cm aproximadamente.","robots":{"index":"index","follow":"follow","max-snippet":"max-snippet:-1","max-image-preview":"max-image-preview:large","max-video-preview":"max-video-preview:-1"},"canonical":"https:\/\/ejezeta.org\/bot\/producto\/esponja-para-soldador\/","og_locale":"es_ES","og_type":"article","og_title":"Esponja para Limpiar Soldador &#8212; BOT - Rob\u00f3tica Educativa","og_description":"Esponja para limpiar la punta del caut\u00edn. Material: Vegetal. Tama\u00f1o: 3x4cm aproximadamente.","og_url":"https:\/\/ejezeta.org\/bot\/producto\/esponja-para-soldador\/","og_site_name":"BOT - Rob\u00f3tica Educativa","article_publisher":"https:\/\/www.facebook.com\/roboticaeducativamza","article_modified_time":"2026-01-27T12:17:23+00:00","og_image":[{"width":1080,"height":1080,"url":"https:\/\/ejezeta.org\/bot\/wp-content\/uploads\/2023\/04\/Tienda_Esponja.png","type":"image\/png"}],"twitter_card":"summary_large_image","twitter_site":"@roboticaeducativamza","twitter_misc":{"Tiempo de lectura":"1 minuto"},"schema":{"@context":"https:\/\/schema.org","@graph":[{"@type":"WebPage","@id":"https:\/\/ejezeta.org\/bot\/producto\/esponja-para-soldador\/","url":"https:\/\/ejezeta.org\/bot\/producto\/esponja-para-soldador\/","name":"Esponja para Limpiar Soldador &#8212; BOT - Rob\u00f3tica Educativa","isPartOf":{"@id":"https:\/\/ejezeta.org\/bot\/#website"},"primaryImageOfPage":{"@id":"https:\/\/ejezeta.org\/bot\/producto\/esponja-para-soldador\/#primaryimage"},"image":{"@id":"https:\/\/ejezeta.org\/bot\/producto\/esponja-para-soldador\/#primaryimage"},"thumbnailUrl":"https:\/\/ejezeta.org\/bot\/wp-content\/uploads\/2023\/04\/Tienda_Esponja-e1771345302527.png","datePublished":"2023-04-08T00:32:19+00:00","dateModified":"2026-01-27T12:17:23+00:00","description":"Esponja para limpiar la punta del caut\u00edn. Material: Vegetal. Tama\u00f1o: 3x4cm aproximadamente.","breadcrumb":{"@id":"https:\/\/ejezeta.org\/bot\/producto\/esponja-para-soldador\/#breadcrumb"},"inLanguage":"es-AR","potentialAction":[{"@type":"ReadAction","target":["https:\/\/ejezeta.org\/bot\/producto\/esponja-para-soldador\/"]}]},{"@type":"ImageObject","inLanguage":"es-AR","@id":"https:\/\/ejezeta.org\/bot\/producto\/esponja-para-soldador\/#primaryimage","url":"https:\/\/ejezeta.org\/bot\/wp-content\/uploads\/2023\/04\/Tienda_Esponja-e1771345302527.png","contentUrl":"https:\/\/ejezeta.org\/bot\/wp-content\/uploads\/2023\/04\/Tienda_Esponja-e1771345302527.png","width":750,"height":736},{"@type":"BreadcrumbList","@id":"https:\/\/ejezeta.org\/bot\/producto\/esponja-para-soldador\/#breadcrumb","itemListElement":[{"@type":"ListItem","position":1,"name":"Inicio","item":"https:\/\/ejezeta.org\/bot\/"},{"@type":"ListItem","position":2,"name":"Tienda de Productos de Electr\u00f3nica","item":"https:\/\/ejezeta.org\/bot\/tienda-electronica\/"},{"@type":"ListItem","position":3,"name":"Esponja para Limpiar Soldador"}]},{"@type":"WebSite","@id":"https:\/\/ejezeta.org\/bot\/#website","url":"https:\/\/ejezeta.org\/bot\/","name":"BOT - Rob\u00f3tica Educativa","description":"Laboratorio de Rob\u00f3tica","publisher":{"@id":"https:\/\/ejezeta.org\/bot\/#organization"},"potentialAction":[{"@type":"SearchAction","target":{"@type":"EntryPoint","urlTemplate":"https:\/\/ejezeta.org\/bot\/?s={search_term_string}"},"query-input":{"@type":"PropertyValueSpecification","valueRequired":true,"valueName":"search_term_string"}}],"inLanguage":"es-AR"},{"@type":"Organization","@id":"https:\/\/ejezeta.org\/bot\/#organization","name":"Eje Zeta","url":"https:\/\/ejezeta.org\/bot\/","logo":{"@type":"ImageObject","inLanguage":"es-AR","@id":"https:\/\/ejezeta.org\/bot\/#\/schema\/logo\/image\/","url":"https:\/\/ejezeta.org\/bot\/wp-content\/uploads\/2019\/08\/BOT_marca_sin_fondo.png","contentUrl":"https:\/\/ejezeta.org\/bot\/wp-content\/uploads\/2019\/08\/BOT_marca_sin_fondo.png","width":1047,"height":617,"caption":"Eje Zeta"},"image":{"@id":"https:\/\/ejezeta.org\/bot\/#\/schema\/logo\/image\/"},"sameAs":["https:\/\/www.facebook.com\/roboticaeducativamza","https:\/\/x.com\/roboticaeducativamza","https:\/\/www.instagram.com\/roboticaeducativamza\/","https:\/\/www.youtube.com\/channel\/UCqDYebO8TxeHNlCKOvwnqaw"]}]}},"jetpack_sharing_enabled":true,"_links":{"self":[{"href":"https:\/\/ejezeta.org\/bot\/wp-json\/wp\/v2\/product\/552","targetHints":{"allow":["GET"]}}],"collection":[{"href":"https:\/\/ejezeta.org\/bot\/wp-json\/wp\/v2\/product"}],"about":[{"href":"https:\/\/ejezeta.org\/bot\/wp-json\/wp\/v2\/types\/product"}],"replies":[{"embeddable":true,"href":"https:\/\/ejezeta.org\/bot\/wp-json\/wp\/v2\/comments?post=552"}],"wp:featuredmedia":[{"embeddable":true,"href":"https:\/\/ejezeta.org\/bot\/wp-json\/wp\/v2\/media\/553"}],"wp:attachment":[{"href":"https:\/\/ejezeta.org\/bot\/wp-json\/wp\/v2\/media?parent=552"}],"wp:term":[{"taxonomy":"product_brand","embeddable":true,"href":"https:\/\/ejezeta.org\/bot\/wp-json\/wp\/v2\/product_brand?post=552"},{"taxonomy":"product_cat","embeddable":true,"href":"https:\/\/ejezeta.org\/bot\/wp-json\/wp\/v2\/product_cat?post=552"},{"taxonomy":"product_tag","embeddable":true,"href":"https:\/\/ejezeta.org\/bot\/wp-json\/wp\/v2\/product_tag?post=552"}],"curies":[{"name":"wp","href":"https:\/\/api.w.org\/{rel}","templated":true}]}}